{"id":160,"date":"2025-04-30T11:51:34","date_gmt":"2025-04-30T09:51:34","guid":{"rendered":"https:\/\/zdwvojt.cluster100.hosting.ovh.net\/?page_id=160"},"modified":"2026-03-23T07:30:02","modified_gmt":"2026-03-23T06:30:02","slug":"adhesion","status":"publish","type":"page","link":"https:\/\/centralesupelec-businessangels.fr\/index.php\/adhesion\/","title":{"rendered":"Adh\u00e9sion"},"content":{"rendered":"\t\t<div data-elementor-type=\"wp-page\" data-elementor-id=\"160\" class=\"elementor elementor-160\" data-elementor-post-type=\"page\">\n\t\t\t\t<div class=\"elementor-element elementor-element-39dc815 e-flex e-con-boxed e-con e-parent\" data-id=\"39dc815\" data-element_type=\"container\" data-e-type=\"container\" data-settings=\"{&quot;background_background&quot;:&quot;gradient&quot;,&quot;shape_divider_bottom&quot;:&quot;wave-brush&quot;}\">\n\t\t\t\t\t<div class=\"e-con-inner\">\n\t\t\t\t<div class=\"elementor-shape elementor-shape-bottom\" aria-hidden=\"true\" data-negative=\"false\">\n\t\t\t<svg xmlns=\"http:\/\/www.w3.org\/2000\/svg\" viewBox=\"0 0 283.5 27.8\" preserveAspectRatio=\"none\">\n\t<path class=\"elementor-shape-fill\" d=\"M283.5,9.7c0,0-7.3,4.3-14,4.6c-6.8,0.3-12.6,0-20.9-1.5c-11.3-2-33.1-10.1-44.7-5.7\ts-12.1,4.6-18,7.4c-6.6,3.2-20,9.6-36.6,9.3C131.6,23.5,99.5,7.2,86.3,8c-1.4,0.1-6.6,0.8-10.5,2c-3.8,1.2-9.4,3.8-17,4.7\tc-3.2,0.4-8.3,1.1-14.2,0.9c-1.5-0.1-6.3-0.4-12-1.6c-5.7-1.2-11-3.1-15.8-3.7C6.5,9.2,0,10.8,0,10.8V0h283.5V9.7z M260.8,11.3\tc-0.7-1-2-0.4-4.3-0.4c-2.3,0-6.1-1.2-5.8-1.1c0.3,0.1,3.1,1.5,6,1.9C259.7,12.2,261.4,12.3,260.8,11.3z M242.4,8.6\tc0,0-2.4-0.2-5.6-0.9c-3.2-0.8-10.3-2.8-15.1-3.5c-8.2-1.1-15.8,0-15.1,0.1c0.8,0.1,9.6-0.6,17.6,1.1c3.3,0.7,9.3,2.2,12.4,2.7\tC239.9,8.7,242.4,8.6,242.4,8.6z M185.2,8.5c1.7-0.7-13.3,4.7-18.5,6.1c-2.1,0.6-6.2,1.6-10,2c-3.9,0.4-8.9,0.4-8.8,0.5\tc0,0.2,5.8,0.8,11.2,0c5.4-0.8,5.2-1.1,7.6-1.6C170.5,14.7,183.5,9.2,185.2,8.5z M199.1,6.9c0.2,0-0.8-0.4-4.8,1.1\tc-4,1.5-6.7,3.5-6.9,3.7c-0.2,0.1,3.5-1.8,6.6-3C197,7.5,199,6.9,199.1,6.9z M283,6c-0.1,0.1-1.9,1.1-4.8,2.5s-6.9,2.8-6.7,2.7\tc0.2,0,3.5-0.6,7.4-2.5C282.8,6.8,283.1,5.9,283,6z M31.3,11.6c0.1-0.2-1.9-0.2-4.5-1.2s-5.4-1.6-7.8-2C15,7.6,7.3,8.5,7.7,8.6\tC8,8.7,15.9,8.3,20.2,9.3c2.2,0.5,2.4,0.5,5.7,1.6S31.2,11.9,31.3,11.6z M73,9.2c0.4-0.1,3.5-1.6,8.4-2.6c4.9-1.1,8.9-0.5,8.9-0.8\tc0-0.3-1-0.9-6.2-0.3S72.6,9.3,73,9.2z M71.6,6.7C71.8,6.8,75,5.4,77.3,5c2.3-0.3,1.9-0.5,1.9-0.6c0-0.1-1.1-0.2-2.7,0.2\tC74.8,5.1,71.4,6.6,71.6,6.7z M93.6,4.4c0.1,0.2,3.5,0.8,5.6,1.8c2.1,1,1.8,0.6,1.9,0.5c0.1-0.1-0.8-0.8-2.4-1.3\tC97.1,4.8,93.5,4.2,93.6,4.4z M65.4,11.1c-0.1,0.3,0.3,0.5,1.9-0.2s2.6-1.3,2.2-1.2s-0.9,0.4-2.5,0.8C65.3,10.9,65.5,10.8,65.4,11.1\tz M34.5,12.4c-0.2,0,2.1,0.8,3.3,0.9c1.2,0.1,2,0.1,2-0.2c0-0.3-0.1-0.5-1.6-0.4C36.6,12.8,34.7,12.4,34.5,12.4z M152.2,21.1\tc-0.1,0.1-2.4-0.3-7.5-0.3c-5,0-13.6-2.4-17.2-3.5c-3.6-1.1,10,3.9,16.5,4.1C150.5,21.6,152.3,21,152.2,21.1z\"\/>\n\t<path class=\"elementor-shape-fill\" d=\"M269.6,18c-0.1-0.1-4.6,0.3-7.2,0c-7.3-0.7-17-3.2-16.6-2.9c0.4,0.3,13.7,3.1,17,3.3\tC267.7,18.8,269.7,18,269.6,18z\"\/>\n\t<path class=\"elementor-shape-fill\" d=\"M227.4,9.8c-0.2-0.1-4.5-1-9.5-1.2c-5-0.2-12.7,0.6-12.3,0.5c0.3-0.1,5.9-1.8,13.3-1.2\tS227.6,9.9,227.4,9.8z\"\/>\n\t<path class=\"elementor-shape-fill\" d=\"M204.5,13.4c-0.1-0.1,2-1,3.2-1.1c1.2-0.1,2,0,2,0.3c0,0.3-0.1,0.5-1.6,0.4\tC206.4,12.9,204.6,13.5,204.5,13.4z\"\/>\n\t<path class=\"elementor-shape-fill\" d=\"M201,10.6c0-0.1-4.4,1.2-6.3,2.2c-1.9,0.9-6.2,3.1-6.1,3.1c0.1,0.1,4.2-1.6,6.3-2.6\tS201,10.7,201,10.6z\"\/>\n\t<path class=\"elementor-shape-fill\" d=\"M154.5,26.7c-0.1-0.1-4.6,0.3-7.2,0c-7.3-0.7-17-3.2-16.6-2.9c0.4,0.3,13.7,3.1,17,3.3\tC152.6,27.5,154.6,26.8,154.5,26.7z\"\/>\n\t<path class=\"elementor-shape-fill\" d=\"M41.9,19.3c0,0,1.2-0.3,2.9-0.1c1.7,0.2,5.8,0.9,8.2,0.7c4.2-0.4,7.4-2.7,7-2.6\tc-0.4,0-4.3,2.2-8.6,1.9c-1.8-0.1-5.1-0.5-6.7-0.4S41.9,19.3,41.9,19.3z\"\/>\n\t<path class=\"elementor-shape-fill\" d=\"M75.5,12.6c0.2,0.1,2-0.8,4.3-1.1c2.3-0.2,2.1-0.3,2.1-0.5c0-0.1-1.8-0.4-3.4,0\tC76.9,11.5,75.3,12.5,75.5,12.6z\"\/>\n\t<path class=\"elementor-shape-fill\" d=\"M15.6,13.2c0-0.1,4.3,0,6.7,0.5c2.4,0.5,5,1.9,5,2c0,0.1-2.7-0.8-5.1-1.4\tC19.9,13.7,15.7,13.3,15.6,13.2z\"\/>\n<\/svg>\t\t<\/div>\n\t\t\t\t<div class=\"elementor-element elementor-element-5b7e0fb elementor-widget elementor-widget-heading\" data-id=\"5b7e0fb\" data-element_type=\"widget\" data-e-type=\"widget\" data-widget_type=\"heading.default\">\n\t\t\t\t<div class=\"elementor-widget-container\">\n\t\t\t\t\t<h1 class=\"elementor-heading-title elementor-size-default\">Comment adh\u00e9rer<\/h1>\t\t\t\t<\/div>\n\t\t\t\t<\/div>\n\t\t\t\t\t<\/div>\n\t\t\t\t<\/div>\n\t\t<div class=\"elementor-element elementor-element-429ebae e-flex e-con-boxed e-con e-parent\" data-id=\"429ebae\" data-element_type=\"container\" data-e-type=\"container\">\n\t\t\t\t\t<div class=\"e-con-inner\">\n\t\t\t\t<div class=\"elementor-element elementor-element-04143f8 elementor-widget elementor-widget-text-editor\" data-id=\"04143f8\" data-element_type=\"widget\" data-e-type=\"widget\" data-widget_type=\"text-editor.default\">\n\t\t\t\t<div class=\"elementor-widget-container\">\n\t\t\t\t\t\t\t\t\t<div data-testid=\"richTextElement\"><p>L&#8217;adh\u00e9sion au groupement\u00a0 &#8220;CentraleSup\u00e9lec Business Angels&#8221; est ouverte \u00e0 l\u2019ensemble des membres des communaut\u00e9s Centralienne et Sup\u00e9lec, d\u00e9j\u00e0 membres de leur association d&#8217;Alumnis respectif. La cotisation est de 20\u20ac par an. Elle doit \u00eatre vers\u00e9e en ligne :<\/p><p><strong><a href=\"https:\/\/association.centralesupelec-alumni.com\/fr\/login?redirect=%2Fcontribution%2Findex%2Fchoice\" target=\"_blank\" rel=\"noreferrer noopener\">Adh\u00e9sion des Centrale Sup\u00e9lec Alumni: (suivre le lien)<\/a><\/strong><\/p><p>\u00a0 \u00a0 \u00a0 Cotisation \u00e0 CSBA \u00e0 r\u00e9gler de pr\u00e9f\u00e9rence lors de la cotisation \u00e0 CSA<\/p><p><strong><a href=\"https:\/\/www.centraliens-lille.org\/fr\/group\/centralesupelec-business-angels-csba\/237\" target=\"_blank\" rel=\"noopener\">Adh\u00e9sion des \u00a0Centraliens Lille: (suivre le lien)<\/a> et contact: <a href=\"mailto:gaelle.cornart@centraliens-lille.org\">gaelle.cornart@centraliens-lille.org<\/a><\/strong><\/p><p><strong><a href=\"https:\/\/www.centraliens-mediterranee.fr\/contribution\/index\/static-page?alias=contribution\" target=\"_blank\" rel=\"noopener\">Adh\u00e9sion des \u00a0Centraliens M\u00e9diterran\u00e9e: (suivre le lien)<\/a>\u00a0et contact: <a class=\"moz-txt-link-abbreviated\" href=\"mailto:secretariat@centraliens-med.fr\">secretariat@centraliens-med.fr<\/a><\/strong><\/p><p><strong><a href=\"https:\/\/www.centraliens-lyon.net\/groupe\/centralesupelec-business-angels-694\" target=\"_blank\" rel=\"noopener\">Adh\u00e9sion des \u00a0Centraliens Lyon: (suivre le lien)<\/a> et contact: <a class=\"moz-txt-link-abbreviated\" href=\"mailto:secretariat@centraliens-med.fr\">sandrine.bouvat@centraliens-lyon.net<\/a><\/strong><\/p><p><strong>Adh\u00e9sion des \u00a0Centraliens Nantes: contacter <a href=\"mailto:centralesupelec.businessangels@gmail.com\">centralesupelec.businessangels@gmail.com<\/a><\/strong><\/p><\/div><div data-testid=\"richTextElement\"><p>\u00a0 \u00a0 \u00a0 En retour, nous vous communiquerons la charte de confidentialit\u00e9 \u00e0 signer (pour que vous puissiez suivre les pitches des startups et accompagner les entrepreneurs) et nous vous inviterons \u00e0 ces diff\u00e9rentes r\u00e9unions (intervenants externes et r\u00e9unions de pitch de startups); En cas de difficult\u00e9s, n&#8217;h\u00e9sitez pas \u00e0 nous contacter: <a href=\"mailto:centralesupelec.businessangels@gmail.com\">centralesupelec.businessangels@gmail.com<\/a>.\u00a0<\/p><\/div>\t\t\t\t\t\t\t\t<\/div>\n\t\t\t\t<\/div>\n\t\t\t\t\t<\/div>\n\t\t\t\t<\/div>\n\t\t\t\t<\/div>\n\t\t","protected":false},"excerpt":{"rendered":"<p>Comment adh\u00e9rer L&#8217;adh\u00e9sion au groupement\u00a0 &#8220;CentraleSup\u00e9lec Business Angels&#8221; est ouverte \u00e0 l\u2019ensemble des membres des communaut\u00e9s Centralienne et Sup\u00e9lec, d\u00e9j\u00e0 membres de leur association d&#8217;Alumnis respectif. La cotisation est de [&hellip;]<\/p>\n","protected":false},"author":1,"featured_media":0,"parent":0,"menu_order":0,"comment_status":"closed","ping_status":"closed","template":"elementor_header_footer","meta":{"footnotes":""},"class_list":["post-160","page","type-page","status-publish","hentry"],"_links":{"self":[{"href":"https:\/\/centralesupelec-businessangels.fr\/index.php\/wp-json\/wp\/v2\/pages\/160","targetHints":{"allow":["GET"]}}],"collection":[{"href":"https:\/\/centralesupelec-businessangels.fr\/index.php\/wp-json\/wp\/v2\/pages"}],"about":[{"href":"https:\/\/centralesupelec-businessangels.fr\/index.php\/wp-json\/wp\/v2\/types\/page"}],"author":[{"embeddable":true,"href":"https:\/\/centralesupelec-businessangels.fr\/index.php\/wp-json\/wp\/v2\/users\/1"}],"replies":[{"embeddable":true,"href":"https:\/\/centralesupelec-businessangels.fr\/index.php\/wp-json\/wp\/v2\/comments?post=160"}],"version-history":[{"count":49,"href":"https:\/\/centralesupelec-businessangels.fr\/index.php\/wp-json\/wp\/v2\/pages\/160\/revisions"}],"predecessor-version":[{"id":1288,"href":"https:\/\/centralesupelec-businessangels.fr\/index.php\/wp-json\/wp\/v2\/pages\/160\/revisions\/1288"}],"wp:attachment":[{"href":"https:\/\/centralesupelec-businessangels.fr\/index.php\/wp-json\/wp\/v2\/media?parent=160"}],"curies":[{"name":"wp","href":"https:\/\/api.w.org\/{rel}","templated":true}]}}